{"id":4016,"date":"2019-06-26T18:07:56","date_gmt":"2019-06-26T18:07:56","guid":{"rendered":"http:\/\/www.tce-edm.cz\/?page_id=4016"},"modified":"2019-08-08T09:42:22","modified_gmt":"2019-08-08T09:42:22","slug":"nase-stroje","status":"publish","type":"page","link":"https:\/\/www.tce-edm.cz\/?page_id=4016","title":{"rendered":"Na\u0161e stroje"},"content":{"rendered":"<div class=\"wpb-content-wrapper\"><p>[vc_row css=&#8221;.vc_custom_1561573170174{padding-top: 60px !important;padding-bottom: 20px !important;}&#8221;][vc_column][vc_column_text el_class=&#8221;no_stripe&#8221;]<\/p>\n<h1><strong><span style=\"color: #0071bc;\">Na\u0161e stroje<\/span><\/strong><\/h1>\n<h4>V\u00fdroba prob\u00edh\u00e1 na vysoce p\u0159esn\u00fdch japonsk\u00fdch stroj\u00edch FANUC ROBOCUT.<br \/>\nJe tak zaji\u0161t\u011bna vysok\u00e1 kvalita v\u00fdsledn\u00e9ho produktu s p\u0159esnost\u00ed a kvalitou povrchu, kter\u00e1 obt\u00ed\u017en\u011b hled\u00e1 konkurenci.<\/h4>\n<p>[\/vc_column_text][\/vc_column][\/vc_row][vc_row][vc_column width=&#8221;1\/2&#8243;][vc_column_text el_class=&#8221;no_stripe&#8221;]<\/p>\n<h5><span style=\"color: #000000;\"><strong>Dr\u00e1tov\u00e1 \u0159eza\u010dka FANUC ROBOCUT \u03b1-0iE<\/strong><\/span><\/h5>\n<p>[\/vc_column_text][vc_column_text]<\/p>\n<table width=\"700\">\n<tbody>\n<tr>\n<td><strong>Maxim\u00e1ln\u00ed rozm\u011bry obrobku [mm]<\/strong><\/td>\n<td>700 \u00d7 600 \u00d7 250<\/td>\n<\/tr>\n<tr>\n<td><strong>Maxim\u00e1ln\u00ed hmotnost obrobku [kg]<\/strong><\/td>\n<td>500<\/td>\n<\/tr>\n<tr>\n<td><strong>Pojezd v ose X \/ Y \/ Z [mm]<\/strong><\/td>\n<td>370 \u00d7 270 x 255<\/td>\n<\/tr>\n<tr>\n<td><strong>Pojezd v ose U \/ V [mm]<\/strong><\/td>\n<td>60 \u00d7 60<\/td>\n<\/tr>\n<tr>\n<td><strong>Maxim\u00e1ln\u00ed \u00fahel \u0159ezu [\u00b0\/mm]<\/strong><\/td>\n<td>\u00b1 45\u00b0\/70<\/td>\n<\/tr>\n<\/tbody>\n<\/table>\n<p>[\/vc_column_text][\/vc_column][vc_column width=&#8221;1\/2&#8243;][vc_single_image image=&#8221;4104&#8243; img_size=&#8221;full&#8221;][\/vc_column][\/vc_row][vc_row full_width=&#8221;stretch_row&#8221; css=&#8221;.vc_custom_1561573312386{background-color: #f2f2f2 !important;}&#8221;][vc_column width=&#8221;1\/2&#8243;][vc_column_text el_class=&#8221;no_stripe&#8221;]<\/p>\n<h5><span style=\"color: #000000;\"><strong>Dr\u00e1tov\u00e1 \u0159eza\u010dka FANUC ROBOCUT \u03b1-1iE<\/strong><\/span><\/h5>\n<p>[\/vc_column_text][vc_column_text]<\/p>\n<table width=\"700\">\n<tbody>\n<tr>\n<td><strong>Maxim\u00e1ln\u00ed rozm\u011bry obrobku [mm]<\/strong><\/td>\n<td>1050 \u00d7 820 \u00d7 300<\/td>\n<\/tr>\n<tr>\n<td><strong>Maxim\u00e1ln\u00ed hmotnost obrobku [kg]<\/strong><\/td>\n<td>1000<\/td>\n<\/tr>\n<tr>\n<td><strong>Pojezd v ose X \/ Y \/ Z [mm]<\/strong><\/td>\n<td>600 \u00d7 400 x 310<\/td>\n<\/tr>\n<tr>\n<td><strong>Pojezd v ose U \/ V [mm]<\/strong><\/td>\n<td>100 \u00d7 100<\/td>\n<\/tr>\n<tr>\n<td><strong>Maxim\u00e1ln\u00ed \u00fahel \u0159ezu [\u00b0\/mm]<\/strong><\/td>\n<td>\u00b1 45\u00b0\/70<\/td>\n<\/tr>\n<\/tbody>\n<\/table>\n<p>[\/vc_column_text][\/vc_column][vc_column width=&#8221;1\/2&#8243;][vc_single_image image=&#8221;4105&#8243; img_size=&#8221;full&#8221;][\/vc_column][\/vc_row][vc_row][vc_column width=&#8221;1\/2&#8243;][vc_column_text el_class=&#8221;no_stripe&#8221;]<\/p>\n<h5><span style=\"color: #000000;\"><strong>Elektroerozivn\u00ed vrta\u010dka SY-2030A<\/strong><\/span><\/h5>\n<p>[\/vc_column_text][vc_column_text]<\/p>\n<table width=\"510\">\n<tbody>\n<tr>\n<td><strong>Velikost stolu [mm]<\/strong><\/td>\n<td>600 \u00d7 300<\/td>\n<\/tr>\n<tr>\n<td><strong>Pojezd v ose X \/ Y \/ Z [mm]<\/strong><\/td>\n<td>300 \u00d7 200 x 350<\/td>\n<\/tr>\n<tr>\n<td><strong>Maxim\u00e1ln\u00ed hmotnost obrobku [kg]<\/strong><\/td>\n<td>300<\/td>\n<\/tr>\n<\/tbody>\n<\/table>\n<p>[\/vc_column_text][\/vc_column][vc_column width=&#8221;1\/2&#8243;][vc_single_image image=&#8221;3906&#8243; img_size=&#8221;full&#8221;][\/vc_column][\/vc_row]<\/p>\n<\/div>","protected":false},"excerpt":{"rendered":"<p>[vc_row css=&#8221;.vc_custom_1561573170174{padding-top: 60px !important;padding-bottom: 20px !important;}&#8221;][vc_column][vc_column_text el_class=&#8221;no_stripe&#8221;] Na\u0161e stroje V\u00fdroba prob\u00edh\u00e1 na vysoce p\u0159esn\u00fdch japonsk\u00fdch stroj\u00edch FANUC ROBOCUT. Je tak zaji\u0161t\u011bna vysok\u00e1 kvalita v\u00fdsledn\u00e9ho produktu s p\u0159esnost\u00ed a kvalitou povrchu, kter\u00e1 obt\u00ed\u017en\u011b hled\u00e1 konkurenci. [\/vc_column_text][\/vc_column][\/vc_row][vc_row][vc_column width=&#8221;1\/2&#8243;][vc_column_text el_class=&#8221;no_stripe&#8221;] Dr\u00e1tov\u00e1 \u0159eza\u010dka FANUC ROBOCUT \u03b1-0iE [\/vc_column_text][vc_column_text] Maxim\u00e1ln\u00ed rozm\u011bry obrobku [mm] 700 \u00d7 600 \u00d7 250 Maxim\u00e1ln\u00ed hmotnost obrobku<\/p>\n","protected":false},"author":1,"featured_media":0,"parent":0,"menu_order":0,"comment_status":"closed","ping_status":"closed","template":"","meta":{"footnotes":""},"class_list":["post-4016","page","type-page","status-publish","hentry"],"_links":{"self":[{"href":"https:\/\/www.tce-edm.cz\/index.php?rest_route=\/wp\/v2\/pages\/4016","targetHints":{"allow":["GET"]}}],"collection":[{"href":"https:\/\/www.tce-edm.cz\/index.php?rest_route=\/wp\/v2\/pages"}],"about":[{"href":"https:\/\/www.tce-edm.cz\/index.php?rest_route=\/wp\/v2\/types\/page"}],"author":[{"embeddable":true,"href":"https:\/\/www.tce-edm.cz\/index.php?rest_route=\/wp\/v2\/users\/1"}],"replies":[{"embeddable":true,"href":"https:\/\/www.tce-edm.cz\/index.php?rest_route=%2Fwp%2Fv2%2Fcomments&post=4016"}],"version-history":[{"count":20,"href":"https:\/\/www.tce-edm.cz\/index.php?rest_route=\/wp\/v2\/pages\/4016\/revisions"}],"predecessor-version":[{"id":4106,"href":"https:\/\/www.tce-edm.cz\/index.php?rest_route=\/wp\/v2\/pages\/4016\/revisions\/4106"}],"wp:attachment":[{"href":"https:\/\/www.tce-edm.cz\/index.php?rest_route=%2Fwp%2Fv2%2Fmedia&parent=4016"}],"curies":[{"name":"wp","href":"https:\/\/api.w.org\/{rel}","templated":true}]}}