{"id":3802,"date":"2015-12-15T07:37:33","date_gmt":"2015-12-15T07:37:33","guid":{"rendered":"http:\/\/consulting.stylemixthemes.com\/?page_id=9"},"modified":"2026-04-20T07:45:57","modified_gmt":"2026-04-20T07:45:57","slug":"o-spolecnosti","status":"publish","type":"page","link":"https:\/\/www.tce-edm.cz\/?page_id=3802","title":{"rendered":"O spole\u010dnosti"},"content":{"rendered":"<div class=\"wpb-content-wrapper\"><p>[vc_row css=&#8221;.vc_custom_1561571970624{margin-bottom: 10px !important;}&#8221;][vc_column offset=&#8221;vc_col-lg-9 vc_col-md-9&#8243;][vc_column_text css=&#8221;.vc_custom_1561574062622{padding-top: 60px !important;}&#8221; el_class=&#8221;no_stripe&#8221;]<\/p>\n<h1><strong><span style=\"color: #0071bc;\">O spole\u010dnosti<\/span><\/strong><\/h1>\n<p>[\/vc_column_text][vc_column_text css=&#8221;.vc_custom_1776671150814{margin-top: 40px !important;}&#8221;]Spole\u010dnost TCE s.r.o poskytuje slu\u017eby elektroerozivn\u00edho obr\u00e1b\u011bn\u00ed. \u010cinnost technologick\u00e9ho centra elektroeroze zde byla zah\u00e1jena ji\u017e v roce 2000.<\/p>\n<p>D\u00edky d\u016frazu na kvalitu v\u00fdrobk\u016f se st\u0159edisko stalo v\u00fdznamn\u00fdm centrem kooperace v oblasti elektroerozivn\u00edho vysoce p\u0159esn\u00e9ho obr\u00e1b\u011bn\u00ed pro \u0159adu pr\u016fmyslov\u00fdch podnik\u016f p\u0159ev\u00e1\u017en\u011b v\u00a0regionu Severn\u00ed \u010cechy.<\/p>\n<p>T\u00fdm odborn\u00edk\u016f ze spole\u010dnosti TCE s.r.o, dok\u00e1\u017ee stanovit optim\u00e1ln\u00ed v\u00fdrobn\u00ed postupy, kter\u00e9 sni\u017euj\u00ed n\u00e1klady na v\u00fdrobu.[\/vc_column_text][vc_row_inner][vc_column_inner width=&#8221;1\/2&#8243;][vc_single_image image=&#8221;4085&#8243; img_size=&#8221;full&#8221;][\/vc_column_inner][vc_column_inner width=&#8221;1\/2&#8243;][vc_single_image image=&#8221;4084&#8243; img_size=&#8221;full&#8221;][\/vc_column_inner][\/vc_row_inner][\/vc_column][vc_column width=&#8221;1\/4&#8243; offset=&#8221;vc_hidden-sm vc_hidden-xs&#8221;][stm_sidebar sidebar=&#8221;573&#8243;][\/vc_column][\/vc_row]<\/p>\n<\/div>","protected":false},"excerpt":{"rendered":"<p>[vc_row css=&#8221;.vc_custom_1561571970624{margin-bottom: 10px !important;}&#8221;][vc_column offset=&#8221;vc_col-lg-9 vc_col-md-9&#8243;][vc_column_text css=&#8221;.vc_custom_1561574062622{padding-top: 60px !important;}&#8221; el_class=&#8221;no_stripe&#8221;] O spole\u010dnosti [\/vc_column_text][vc_column_text css=&#8221;.vc_custom_1776671150814{margin-top: 40px !important;}&#8221;]Spole\u010dnost TCE s.r.o poskytuje slu\u017eby elektroerozivn\u00edho obr\u00e1b\u011bn\u00ed. \u010cinnost technologick\u00e9ho centra elektroeroze zde byla zah\u00e1jena ji\u017e v roce 2000. D\u00edky d\u016frazu na kvalitu v\u00fdrobk\u016f se st\u0159edisko stalo v\u00fdznamn\u00fdm centrem kooperace v oblasti elektroerozivn\u00edho vysoce p\u0159esn\u00e9ho obr\u00e1b\u011bn\u00ed pro \u0159adu pr\u016fmyslov\u00fdch podnik\u016f p\u0159ev\u00e1\u017en\u011b<\/p>\n","protected":false},"author":1,"featured_media":0,"parent":0,"menu_order":0,"comment_status":"closed","ping_status":"closed","template":"","meta":{"footnotes":""},"class_list":["post-3802","page","type-page","status-publish","hentry"],"_links":{"self":[{"href":"https:\/\/www.tce-edm.cz\/index.php?rest_route=\/wp\/v2\/pages\/3802","targetHints":{"allow":["GET"]}}],"collection":[{"href":"https:\/\/www.tce-edm.cz\/index.php?rest_route=\/wp\/v2\/pages"}],"about":[{"href":"https:\/\/www.tce-edm.cz\/index.php?rest_route=\/wp\/v2\/types\/page"}],"author":[{"embeddable":true,"href":"https:\/\/www.tce-edm.cz\/index.php?rest_route=\/wp\/v2\/users\/1"}],"replies":[{"embeddable":true,"href":"https:\/\/www.tce-edm.cz\/index.php?rest_route=%2Fwp%2Fv2%2Fcomments&post=3802"}],"version-history":[{"count":23,"href":"https:\/\/www.tce-edm.cz\/index.php?rest_route=\/wp\/v2\/pages\/3802\/revisions"}],"predecessor-version":[{"id":4153,"href":"https:\/\/www.tce-edm.cz\/index.php?rest_route=\/wp\/v2\/pages\/3802\/revisions\/4153"}],"wp:attachment":[{"href":"https:\/\/www.tce-edm.cz\/index.php?rest_route=%2Fwp%2Fv2%2Fmedia&parent=3802"}],"curies":[{"name":"wp","href":"https:\/\/api.w.org\/{rel}","templated":true}]}}